{"id":974,"date":"2023-11-24T12:17:07","date_gmt":"2023-11-24T12:17:07","guid":{"rendered":"https:\/\/www.lenscape.pt\/my-account\/"},"modified":"2024-03-29T13:17:06","modified_gmt":"2024-03-29T13:17:06","slug":"my-account","status":"publish","type":"page","link":"https:\/\/www.lenscape.pt\/en\/my-account\/","title":{"rendered":"My Account"},"content":{"rendered":"\t\t<div data-elementor-type=\"wp-page\" data-elementor-id=\"974\" class=\"elementor elementor-974 elementor-594\" data-elementor-post-type=\"page\">\n\t\t\t\t<div class=\"elementor-element elementor-element-3027684 e-flex e-con-boxed e-con e-parent\" data-id=\"3027684\" data-element_type=\"container\">\n\t\t\t\t\t<div class=\"e-con-inner\">\n\t\t\t\t<div class=\"elementor-element elementor-element-4bde4f3 e-my-account-tabs-horizontal elementor-widget elementor-widget-woocommerce-my-account\" data-id=\"4bde4f3\" data-element_type=\"widget\" data-widget_type=\"woocommerce-my-account.default\">\n\t\t\t\t<div class=\"elementor-widget-container\">\n\t\t\t\t\t<div class=\"e-my-account-tab e-my-account-tab__ \">\t\t\t<div class=\"woocommerce\"><\/div>\t\t<\/div>\n\t\t\t\t\t\t<\/div>\n\t\t\t\t<\/div>\n\t\t\t\t\t<\/div>\n\t\t\t\t<\/div>\n\t\t\t\t<\/div>\n\t\t","protected":false},"excerpt":{"rendered":"<p>Dashboard Orders Downloads Addresses Account Details Logout Dashboard Orders Downloads Addresses Account Details Logout Dashboard Orders Downloads Addresses Account Details Logout Ol\u00e1 sergio.lima (n\u00e3o \u00e9 sergio.lima? Sair) No painel da sua conta pode ver as encomendas mais recentes, gerir as moradas de envio e de factura\u00e7\u00e3o e editar os detalhes e a senha da conta.<\/p>\n","protected":false},"author":1,"featured_media":0,"parent":0,"menu_order":0,"comment_status":"closed","ping_status":"closed","template":"elementor_header_footer","meta":{"_acf_changed":false,"footnotes":""},"class_list":["post-974","page","type-page","status-publish","hentry"],"acf":[],"yoast_head":"<!-- This site is optimized with the Yoast SEO plugin v24.3 - https:\/\/yoast.com\/wordpress\/plugins\/seo\/ -->\n<title>My Account - S\u00e9rgio Lima Photography<\/title>\n<meta name=\"robots\" content=\"index, follow, max-snippet:-1, max-image-preview:large, max-video-preview:-1\" \/>\n<link rel=\"canonical\" href=\"https:\/\/www.lenscape.pt\/conta-de-cliente\/\" \/>\n<meta property=\"og:locale\" content=\"en_US\" \/>\n<meta property=\"og:type\" content=\"article\" \/>\n<meta property=\"og:title\" content=\"My Account - S\u00e9rgio Lima Photography\" \/>\n<meta property=\"og:description\" content=\"Dashboard Orders Downloads Addresses Account Details Logout Dashboard Orders Downloads Addresses Account Details Logout Dashboard Orders Downloads Addresses Account Details Logout Ol\u00e1 sergio.lima (n\u00e3o \u00e9 sergio.lima? Sair) No painel da sua conta pode ver as encomendas mais recentes, gerir as moradas de envio e de factura\u00e7\u00e3o e editar os detalhes e a senha da conta.\" \/>\n<meta property=\"og:url\" content=\"https:\/\/www.lenscape.pt\/conta-de-cliente\/\" \/>\n<meta property=\"og:site_name\" content=\"S\u00e9rgio Lima Photography\" \/>\n<meta property=\"article:modified_time\" content=\"2024-03-29T13:17:06+00:00\" \/>\n<meta name=\"twitter:card\" content=\"summary_large_image\" \/>\n<script type=\"application\/ld+json\" class=\"yoast-schema-graph\">{\"@context\":\"https:\/\/schema.org\",\"@graph\":[{\"@type\":\"WebPage\",\"@id\":\"https:\/\/www.lenscape.pt\/conta-de-cliente\/\",\"url\":\"https:\/\/www.lenscape.pt\/conta-de-cliente\/\",\"name\":\"My Account - S\u00e9rgio Lima Photography\",\"isPartOf\":{\"@id\":\"https:\/\/www.lenscape.pt\/#website\"},\"datePublished\":\"2023-11-24T12:17:07+00:00\",\"dateModified\":\"2024-03-29T13:17:06+00:00\",\"breadcrumb\":{\"@id\":\"https:\/\/www.lenscape.pt\/conta-de-cliente\/#breadcrumb\"},\"inLanguage\":\"en-US\",\"potentialAction\":[{\"@type\":\"ReadAction\",\"target\":[\"https:\/\/www.lenscape.pt\/conta-de-cliente\/\"]}]},{\"@type\":\"BreadcrumbList\",\"@id\":\"https:\/\/www.lenscape.pt\/conta-de-cliente\/#breadcrumb\",\"itemListElement\":[{\"@type\":\"ListItem\",\"position\":1,\"name\":\"In\u00edcio\",\"item\":\"https:\/\/www.lenscape.pt\/\"},{\"@type\":\"ListItem\",\"position\":2,\"name\":\"My Account\"}]},{\"@type\":\"WebSite\",\"@id\":\"https:\/\/www.lenscape.pt\/#website\",\"url\":\"https:\/\/www.lenscape.pt\/\",\"name\":\"S\u00e9rgio Lima Photography\",\"description\":\"Landscape Photographer in Portugal\",\"publisher\":{\"@id\":\"https:\/\/www.lenscape.pt\/#organization\"},\"potentialAction\":[{\"@type\":\"SearchAction\",\"target\":{\"@type\":\"EntryPoint\",\"urlTemplate\":\"https:\/\/www.lenscape.pt\/?s={search_term_string}\"},\"query-input\":{\"@type\":\"PropertyValueSpecification\",\"valueRequired\":true,\"valueName\":\"search_term_string\"}}],\"inLanguage\":\"en-US\"},{\"@type\":\"Organization\",\"@id\":\"https:\/\/www.lenscape.pt\/#organization\",\"name\":\"S\u00e9rgio Lima Photography\",\"url\":\"https:\/\/www.lenscape.pt\/\",\"logo\":{\"@type\":\"ImageObject\",\"inLanguage\":\"en-US\",\"@id\":\"https:\/\/www.lenscape.pt\/#\/schema\/logo\/image\/\",\"url\":\"https:\/\/www.lenscape.pt\/wp-content\/uploads\/2023\/11\/sergio-logo-v3-black.png\",\"contentUrl\":\"https:\/\/www.lenscape.pt\/wp-content\/uploads\/2023\/11\/sergio-logo-v3-black.png\",\"width\":1953,\"height\":421,\"caption\":\"S\u00e9rgio Lima Photography\"},\"image\":{\"@id\":\"https:\/\/www.lenscape.pt\/#\/schema\/logo\/image\/\"}}]}<\/script>\n<!-- \/ Yoast SEO plugin. -->","yoast_head_json":{"title":"My Account - S\u00e9rgio Lima Photography","robots":{"index":"index","follow":"follow","max-snippet":"max-snippet:-1","max-image-preview":"max-image-preview:large","max-video-preview":"max-video-preview:-1"},"canonical":"https:\/\/www.lenscape.pt\/conta-de-cliente\/","og_locale":"en_US","og_type":"article","og_title":"My Account - S\u00e9rgio Lima Photography","og_description":"Dashboard Orders Downloads Addresses Account Details Logout Dashboard Orders Downloads Addresses Account Details Logout Dashboard Orders Downloads Addresses Account Details Logout Ol\u00e1 sergio.lima (n\u00e3o \u00e9 sergio.lima? Sair) No painel da sua conta pode ver as encomendas mais recentes, gerir as moradas de envio e de factura\u00e7\u00e3o e editar os detalhes e a senha da conta.","og_url":"https:\/\/www.lenscape.pt\/conta-de-cliente\/","og_site_name":"S\u00e9rgio Lima Photography","article_modified_time":"2024-03-29T13:17:06+00:00","twitter_card":"summary_large_image","schema":{"@context":"https:\/\/schema.org","@graph":[{"@type":"WebPage","@id":"https:\/\/www.lenscape.pt\/conta-de-cliente\/","url":"https:\/\/www.lenscape.pt\/conta-de-cliente\/","name":"My Account - S\u00e9rgio Lima Photography","isPartOf":{"@id":"https:\/\/www.lenscape.pt\/#website"},"datePublished":"2023-11-24T12:17:07+00:00","dateModified":"2024-03-29T13:17:06+00:00","breadcrumb":{"@id":"https:\/\/www.lenscape.pt\/conta-de-cliente\/#breadcrumb"},"inLanguage":"en-US","potentialAction":[{"@type":"ReadAction","target":["https:\/\/www.lenscape.pt\/conta-de-cliente\/"]}]},{"@type":"BreadcrumbList","@id":"https:\/\/www.lenscape.pt\/conta-de-cliente\/#breadcrumb","itemListElement":[{"@type":"ListItem","position":1,"name":"In\u00edcio","item":"https:\/\/www.lenscape.pt\/"},{"@type":"ListItem","position":2,"name":"My Account"}]},{"@type":"WebSite","@id":"https:\/\/www.lenscape.pt\/#website","url":"https:\/\/www.lenscape.pt\/","name":"S\u00e9rgio Lima Photography","description":"Landscape Photographer in Portugal","publisher":{"@id":"https:\/\/www.lenscape.pt\/#organization"},"potentialAction":[{"@type":"SearchAction","target":{"@type":"EntryPoint","urlTemplate":"https:\/\/www.lenscape.pt\/?s={search_term_string}"},"query-input":{"@type":"PropertyValueSpecification","valueRequired":true,"valueName":"search_term_string"}}],"inLanguage":"en-US"},{"@type":"Organization","@id":"https:\/\/www.lenscape.pt\/#organization","name":"S\u00e9rgio Lima Photography","url":"https:\/\/www.lenscape.pt\/","logo":{"@type":"ImageObject","inLanguage":"en-US","@id":"https:\/\/www.lenscape.pt\/#\/schema\/logo\/image\/","url":"https:\/\/www.lenscape.pt\/wp-content\/uploads\/2023\/11\/sergio-logo-v3-black.png","contentUrl":"https:\/\/www.lenscape.pt\/wp-content\/uploads\/2023\/11\/sergio-logo-v3-black.png","width":1953,"height":421,"caption":"S\u00e9rgio Lima Photography"},"image":{"@id":"https:\/\/www.lenscape.pt\/#\/schema\/logo\/image\/"}}]}},"_links":{"self":[{"href":"https:\/\/www.lenscape.pt\/en\/wp-json\/wp\/v2\/pages\/974","targetHints":{"allow":["GET"]}}],"collection":[{"href":"https:\/\/www.lenscape.pt\/en\/wp-json\/wp\/v2\/pages"}],"about":[{"href":"https:\/\/www.lenscape.pt\/en\/wp-json\/wp\/v2\/types\/page"}],"author":[{"embeddable":true,"href":"https:\/\/www.lenscape.pt\/en\/wp-json\/wp\/v2\/users\/1"}],"replies":[{"embeddable":true,"href":"https:\/\/www.lenscape.pt\/en\/wp-json\/wp\/v2\/comments?post=974"}],"version-history":[{"count":3,"href":"https:\/\/www.lenscape.pt\/en\/wp-json\/wp\/v2\/pages\/974\/revisions"}],"predecessor-version":[{"id":1078,"href":"https:\/\/www.lenscape.pt\/en\/wp-json\/wp\/v2\/pages\/974\/revisions\/1078"}],"wp:attachment":[{"href":"https:\/\/www.lenscape.pt\/en\/wp-json\/wp\/v2\/media?parent=974"}],"curies":[{"name":"wp","href":"https:\/\/api.w.org\/{rel}","templated":true}]}}